{"id":940,"date":"2026-04-21T14:34:04","date_gmt":"2026-04-21T13:34:04","guid":{"rendered":"https:\/\/www.autometform.pwr.edu.pl\/?page_id=940"},"modified":"2026-04-21T14:45:05","modified_gmt":"2026-04-21T13:45:05","slug":"privacy-policy-2","status":"publish","type":"page","link":"https:\/\/www.autometform.pwr.edu.pl\/index.php\/privacy-policy-2\/","title":{"rendered":"Privacy Policy"},"content":{"rendered":"\n<div class=\"wp-block-stackable-spacer stk-block-spacer stk--no-padding stk-block stk-3c8fc1e\" data-block-id=\"3c8fc1e\"><\/div>\n\n\n\n<div class=\"wp-block-stackable-heading stk-block-heading stk-block-heading--v2 stk-block stk-7c85bab\" id=\"1-we-care-about-your-privacy\" data-block-id=\"7c85bab\"><h2 class=\"stk-block-heading__text\">1. We Care About Your Privacy<\/h2><\/div>\n\n\n\n<div class=\"wp-block-stackable-text stk-block-text stk-block stk-4c890e9\" data-block-id=\"4c890e9\"><p class=\"stk-block-text__text has-text-align-justify\">The organisers of the conference hosted at <strong>autometform.pwr.edu.pl<\/strong> are committed to protecting the privacy of website visitors. Personal data is processed with due care and with appropriate technical and organisational safeguards.<\/p><\/div>\n\n\n\n<div class=\"wp-block-stackable-text stk-block-text stk-block stk-6bc02a3\" data-block-id=\"6bc02a3\"><p class=\"stk-block-text__text has-text-align-justify\">By using this website, you accept the principles described in this Privacy Policy.<\/p><\/div>\n\n\n\n<div class=\"wp-block-stackable-heading stk-block-heading stk-block-heading--v2 stk-block stk-ae089a6\" id=\"2-who-is-responsible-for-your-data\" data-block-id=\"ae089a6\"><h2 class=\"stk-block-heading__text\">2. Who Is Responsible for Your Data?<\/h2><\/div>\n\n\n\n<div class=\"wp-block-stackable-text stk-block-text stk-block stk-99d0df0\" data-block-id=\"99d0df0\"><p class=\"stk-block-text__text has-text-align-justify\">This website is operated by the conference organisers affiliated with Wroc\u0142aw University of Science and Technology.<\/p><\/div>\n\n\n\n<div class=\"wp-block-stackable-text stk-block-text stk-block stk-f75efb6\" data-block-id=\"f75efb6\"><p class=\"stk-block-text__text has-text-align-justify\">The controller of personal data, where applicable, is Wroc\u0142aw University of Science and Technology, Wybrze\u017ce Wyspia\u0144skiego 27, 50-370 Wroc\u0142aw, Poland.<\/p><\/div>\n\n\n\n<div class=\"wp-block-stackable-text stk-block-text stk-block stk-257900a\" data-block-id=\"257900a\"><p class=\"stk-block-text__text has-text-align-justify\">Contact form: <a href=\"https:\/\/pwr.edu.pl\/kontakt\">https:\/\/pwr.edu.pl\/kontakt<\/a><\/p><\/div>\n\n\n\n<div class=\"wp-block-stackable-text stk-block-text stk-block stk-d04018b\" data-block-id=\"d04018b\"><p class=\"stk-block-text__text has-text-align-justify\">A Data Protection Officer (DPO) has been appointed by the University and can provide further information regarding personal data protection matters.<\/p><\/div>\n\n\n\n<div class=\"wp-block-stackable-heading stk-block-heading stk-block-heading--v2 stk-block stk-d6d49f6\" id=\"3-registration-system\" data-block-id=\"d6d49f6\"><h2 class=\"stk-block-heading__text\">3. Registration System<\/h2><\/div>\n\n\n\n<div class=\"wp-block-stackable-text stk-block-text stk-block stk-0ca0a10\" data-block-id=\"0ca0a10\"><p class=\"stk-block-text__text has-text-align-justify\">Conference registrations may be handled through the external system Suberus. In such cases, personal data may be processed within that system in accordance with applicable regulations and its relevant privacy rules.<\/p><\/div>\n\n\n\n<div class=\"wp-block-stackable-heading stk-block-heading stk-block-heading--v2 stk-block stk-40aa4a9\" id=\"4-publications-and-journals\" data-block-id=\"40aa4a9\"><h2 class=\"stk-block-heading__text\">4. Publications and Journals<\/h2><\/div>\n\n\n\n<div class=\"wp-block-stackable-text stk-block-text stk-block stk-507c60c\" data-block-id=\"507c60c\"><p class=\"stk-block-text__text has-text-align-justify\">The conference may offer the possibility of publishing accepted papers in cooperating journals or publication outlets.<\/p><\/div>\n\n\n\n<div class=\"wp-block-stackable-text stk-block-text stk-block stk-e7fa149\" data-block-id=\"e7fa149\"><p class=\"stk-block-text__text has-text-align-justify\">Where manuscripts, author details, reviewer information, or publication-related data are submitted to external journals or publishers, such data is processed in accordance with the privacy policies and procedures of the respective journal or publisher.<\/p><\/div>\n\n\n\n<div class=\"wp-block-stackable-text stk-block-text stk-block stk-cd30f65\" data-block-id=\"cd30f65\"><p class=\"stk-block-text__text has-text-align-justify\">Authors are encouraged to review the applicable privacy information provided by those third parties.<\/p><\/div>\n","protected":false},"excerpt":{"rendered":"<p>1. We Care About Your Privacy The organisers of the conference hosted at autometform.pwr.edu.pl are committed to protecting the privacy &hellip; <\/p>\n","protected":false},"author":2,"featured_media":0,"parent":0,"menu_order":0,"comment_status":"closed","ping_status":"closed","template":"","meta":{"footnotes":""},"class_list":["post-940","page","type-page","status-publish","hentry"],"featured_image_urls_v2":{"full":"","thumbnail":"","medium":"","medium_large":"","large":"","1536x1536":"","2048x2048":"","business-times-slider":"","business-times-with-sidebar":"","business-times-without-sidebar":"","business-times-about":"","business-times-recent-post":"","business-times-portfolio":"","business-times-three-col":""},"post_excerpt_stackable_v2":"<p>1. We Care About Your Privacy The organisers of the conference hosted at autometform.pwr.edu.pl are committed to protecting the privacy of website visitors. Personal data is processed with due care and with appropriate technical and organisational safeguards. By using this website, you accept the principles described in this Privacy Policy. 2. Who Is Responsible for Your Data? This website is operated by the conference organisers affiliated with Wroc\u0142aw University of Science and Technology. The controller of personal data, where applicable, is Wroc\u0142aw University of Science and Technology, Wybrze\u017ce Wyspia\u0144skiego 27, 50-370 Wroc\u0142aw, Poland. Contact form: https:\/\/pwr.edu.pl\/kontakt A Data Protection Officer&hellip;<\/p>\n","category_list_v2":"","author_info_v2":{"name":"tomasz","url":"https:\/\/www.autometform.pwr.edu.pl\/index.php\/author\/tomasz\/"},"comments_num_v2":"0 comments","_links":{"self":[{"href":"https:\/\/www.autometform.pwr.edu.pl\/index.php\/wp-json\/wp\/v2\/pages\/940","targetHints":{"allow":["GET"]}}],"collection":[{"href":"https:\/\/www.autometform.pwr.edu.pl\/index.php\/wp-json\/wp\/v2\/pages"}],"about":[{"href":"https:\/\/www.autometform.pwr.edu.pl\/index.php\/wp-json\/wp\/v2\/types\/page"}],"author":[{"embeddable":true,"href":"https:\/\/www.autometform.pwr.edu.pl\/index.php\/wp-json\/wp\/v2\/users\/2"}],"replies":[{"embeddable":true,"href":"https:\/\/www.autometform.pwr.edu.pl\/index.php\/wp-json\/wp\/v2\/comments?post=940"}],"version-history":[{"count":5,"href":"https:\/\/www.autometform.pwr.edu.pl\/index.php\/wp-json\/wp\/v2\/pages\/940\/revisions"}],"predecessor-version":[{"id":947,"href":"https:\/\/www.autometform.pwr.edu.pl\/index.php\/wp-json\/wp\/v2\/pages\/940\/revisions\/947"}],"wp:attachment":[{"href":"https:\/\/www.autometform.pwr.edu.pl\/index.php\/wp-json\/wp\/v2\/media?parent=940"}],"curies":[{"name":"wp","href":"https:\/\/api.w.org\/{rel}","templated":true}]}}