{"id":18,"date":"2019-10-28T09:39:23","date_gmt":"2019-10-28T09:39:23","guid":{"rendered":"http:\/\/www.autometform.pwr.edu.pl\/?page_id=18"},"modified":"2026-04-24T11:17:05","modified_gmt":"2026-04-24T10:17:05","slug":"organizing-committee","status":"publish","type":"page","link":"https:\/\/www.autometform.pwr.edu.pl\/index.php\/organizing-committee\/","title":{"rendered":"Organizing Committee"},"content":{"rendered":"\n<div style=\"height:50px\" aria-hidden=\"true\" class=\"wp-block-spacer\"><\/div>\n\n\n\n<div class=\"wp-block-stackable-call-to-action stk-block-call-to-action stk-block stk-2724afe is-style-default\" data-v=\"2\" data-block-id=\"2724afe\"><style>.stk-2724afe {margin-bottom:0px !important;}<\/style><div class=\"stk-block-call-to-action__content stk-content-align stk-2724afe-column stk-container stk-2724afe-container stk-hover-parent\"><div class=\"has-text-align-center stk-block-content stk-inner-blocks stk-2724afe-inner-blocks\">\n<div class=\"wp-block-stackable-heading stk-block-heading stk-block-heading--v2 stk-block stk-c573fff\" id=\"information-for-participants\" data-block-id=\"c573fff\"><h3 class=\"stk-block-heading__text\">Information for participants<\/h3><\/div>\n\n\n\n<div class=\"wp-block-stackable-text stk-block-text stk-block stk-0360ba9\" data-block-id=\"0360ba9\"><p class=\"stk-block-text__text\">Should you have any questions regarding your participation, <br>please contact our Conference Office<\/p><\/div>\n\n\n\n<div class=\"wp-block-stackable-button-group stk-block-button-group stk-block stk-4490bd0\" data-block-id=\"4490bd0\"><div class=\"stk-row stk-inner-blocks stk-block-content stk-button-group\">\n<div class=\"wp-block-stackable-button stk-block-button stk-block stk-a76a7bf\" data-block-id=\"a76a7bf\"><a class=\"stk-link stk-button stk--hover-effect-darken\" href=\"https:\/\/www.autometform.pwr.edu.pl\/index.php\/conference-office\/\"><span class=\"stk-button__inner-text\">Contact Details<\/span><\/a><\/div>\n<\/div><\/div>\n<\/div><\/div><\/div>\n\n\n\n<div class=\"wp-block-stackable-feature-grid alignfull stk-block-feature-grid stk-block-columns stk--column-wrap-desktop stk-block stk-cba6b7b is-style-float\" data-block-id=\"cba6b7b\"><style>.stk-cba6b7b-column{flex-wrap:wrap !important;--stk-flex-grow:0 !important;}<\/style><div class=\"stk-row stk-inner-blocks has-text-align-center stk-block-content stk-content-align stk-cba6b7b-column alignwide\">\n<div class=\"wp-block-stackable-column stk-block-column stk-column stk-block stk-a28023b\" data-v=\"4\" data-block-id=\"a28023b\"><style>.stk-a28023b-container{padding-left:80px !important;}<\/style><div class=\"stk-column-wrapper stk-block-column__content stk-container stk-a28023b-container stk--no-background stk--no-padding\"><div class=\"has-text-align-left stk-block-content stk-inner-blocks stk-a28023b-inner-blocks\">\n<div class=\"wp-block-stackable-image stk-block-image stk-block stk-bcdf526\" data-block-id=\"bcdf526\"><style>.stk-bcdf526 {margin-left:-80px !important;}.stk-bcdf526 .stk-img-wrapper{width:150px !important;height:150px !important;}.stk-bcdf526 .stk-img-wrapper img, .stk-bcdf526 .stk-img-wrapper::after, .stk-bcdf526 .stk-img-wrapper::before{mask-image:url('data:image\/svg+xml;base64,PHN2ZyB4bWxucz0iaHR0cDovL3d3dy53My5vcmcvMjAwMC9zdmciIHZpZXdCb3g9IjAgMCAxMDAgMTAwIiBwcmVzZXJ2ZUFzcGVjdFJhdGlvPSJub25lIj48Y2lyY2xlIGN4PSI1MCIgY3k9IjUwIiByPSI1MCI+PC9jaXJjbGU+PC9zdmc+') !important;-webkit-mask-image:url('data:image\/svg+xml;base64,PHN2ZyB4bWxucz0iaHR0cDovL3d3dy53My5vcmcvMjAwMC9zdmciIHZpZXdCb3g9IjAgMCAxMDAgMTAwIiBwcmVzZXJ2ZUFzcGVjdFJhdGlvPSJub25lIj48Y2lyY2xlIGN4PSI1MCIgY3k9IjUwIiByPSI1MCI+PC9jaXJjbGU+PC9zdmc+') !important;}<\/style><figure><span class=\"stk-img-wrapper stk-img--shape stk-image--shape-stretch\"><img loading=\"lazy\" decoding=\"async\" class=\"stk-img wp-image-416\" src=\"http:\/\/www.autometform.pwr.edu.pl\/wp-content\/uploads\/2026\/01\/prof-zbigniew-gronostajski-768x768-1.png\" width=\"768\" height=\"768\" srcset=\"https:\/\/www.autometform.pwr.edu.pl\/wp-content\/uploads\/2026\/01\/prof-zbigniew-gronostajski-768x768-1.png 768w, https:\/\/www.autometform.pwr.edu.pl\/wp-content\/uploads\/2026\/01\/prof-zbigniew-gronostajski-768x768-1-300x300.png 300w, https:\/\/www.autometform.pwr.edu.pl\/wp-content\/uploads\/2026\/01\/prof-zbigniew-gronostajski-768x768-1-150x150.png 150w, https:\/\/www.autometform.pwr.edu.pl\/wp-content\/uploads\/2026\/01\/prof-zbigniew-gronostajski-768x768-1-78x78.png 78w, https:\/\/www.autometform.pwr.edu.pl\/wp-content\/uploads\/2026\/01\/prof-zbigniew-gronostajski-768x768-1-230x230.png 230w\" sizes=\"auto, (max-width: 768px) 100vw, 768px\" \/><\/span><\/figure><\/div>\n\n\n\n<div class=\"wp-block-stackable-heading stk-block-heading stk-block-heading--v2 stk-block stk-7094f04\" id=\"prof-zbigniew-gronostajski-d-sc-ph-d-eng\" data-block-id=\"7094f04\"><h3 class=\"stk-block-heading__text\">Prof. Zbigniew Gronostajski, DSc, PhD, Eng<\/h3><\/div>\n\n\n\n<div class=\"wp-block-stackable-text stk-block-text stk-block stk-25e1114\" data-block-id=\"25e1114\"><p class=\"stk-block-text__text\">Faculty of Mechanical Engineering<br>Department of Metal Forming, Welding and Metrology<br>Wroc\u0142aw University of Science and Technology<br>Poland<\/p><\/div>\n<\/div><\/div><\/div>\n\n\n\n<div class=\"wp-block-stackable-column stk-block-column stk-column stk-block stk-fd1591f\" data-v=\"4\" data-block-id=\"fd1591f\"><style>.stk-fd1591f-container{padding-left:80px !important;}<\/style><div class=\"stk-column-wrapper stk-block-column__content stk-container stk-fd1591f-container stk--no-background stk--no-padding\"><div class=\"has-text-align-left stk-block-content stk-inner-blocks stk-fd1591f-inner-blocks\">\n<div class=\"wp-block-stackable-image stk-block-image stk-block stk-ee56ee6\" data-block-id=\"ee56ee6\"><style>.stk-ee56ee6 {margin-left:-80px !important;}.stk-ee56ee6 .stk-img-wrapper{width:150px !important;height:150px !important;}.stk-ee56ee6 .stk-img-wrapper img, .stk-ee56ee6 .stk-img-wrapper::after, .stk-ee56ee6 .stk-img-wrapper::before{mask-image:url('data:image\/svg+xml;base64,PHN2ZyB4bWxucz0iaHR0cDovL3d3dy53My5vcmcvMjAwMC9zdmciIHZpZXdCb3g9IjAgMCAxMDAgMTAwIiBwcmVzZXJ2ZUFzcGVjdFJhdGlvPSJub25lIj48Y2lyY2xlIGN4PSI1MCIgY3k9IjUwIiByPSI1MCI+PC9jaXJjbGU+PC9zdmc+') !important;-webkit-mask-image:url('data:image\/svg+xml;base64,PHN2ZyB4bWxucz0iaHR0cDovL3d3dy53My5vcmcvMjAwMC9zdmciIHZpZXdCb3g9IjAgMCAxMDAgMTAwIiBwcmVzZXJ2ZUFzcGVjdFJhdGlvPSJub25lIj48Y2lyY2xlIGN4PSI1MCIgY3k9IjUwIiByPSI1MCI+PC9jaXJjbGU+PC9zdmc+') !important;}<\/style><figure><span class=\"stk-img-wrapper stk-img--shape stk-image--shape-stretch\"><img loading=\"lazy\" decoding=\"async\" class=\"stk-img wp-image-417\" src=\"http:\/\/www.autometform.pwr.edu.pl\/wp-content\/uploads\/2026\/01\/Ulrich-Prahl-e1767793292225.webp\" width=\"512\" height=\"512\" srcset=\"https:\/\/www.autometform.pwr.edu.pl\/wp-content\/uploads\/2026\/01\/Ulrich-Prahl-e1767793292225.webp 512w, https:\/\/www.autometform.pwr.edu.pl\/wp-content\/uploads\/2026\/01\/Ulrich-Prahl-e1767793292225-300x300.webp 300w, https:\/\/www.autometform.pwr.edu.pl\/wp-content\/uploads\/2026\/01\/Ulrich-Prahl-e1767793292225-150x150.webp 150w, https:\/\/www.autometform.pwr.edu.pl\/wp-content\/uploads\/2026\/01\/Ulrich-Prahl-e1767793292225-78x78.webp 78w, https:\/\/www.autometform.pwr.edu.pl\/wp-content\/uploads\/2026\/01\/Ulrich-Prahl-e1767793292225-230x230.webp 230w\" sizes=\"auto, (max-width: 512px) 100vw, 512px\" \/><\/span><\/figure><\/div>\n\n\n\n<div class=\"wp-block-stackable-heading stk-block-heading stk-block-heading--v2 stk-block stk-2e7e6fe\" id=\"prof-ulrich-prahl-ph-d-eng\" data-block-id=\"2e7e6fe\"><h3 class=\"stk-block-heading__text\">Prof. Ulrich Prahl, PhD, Eng<\/h3><\/div>\n\n\n\n<div class=\"wp-block-stackable-text stk-block-text stk-block stk-aa4a828\" data-block-id=\"aa4a828\"><p class=\"stk-block-text__text\">The Institute for Metal Forming<br>Technische Universit\u00e4t Bergakademie Freiberg<br>Germany<\/p><\/div>\n<\/div><\/div><\/div>\n<\/div><\/div>\n\n\n\n<div class=\"wp-block-stackable-feature-grid alignfull stk-block-feature-grid stk-block-columns stk-block stk-6f5f20b is-style-float\" data-block-id=\"6f5f20b\"><div class=\"stk-row stk-inner-blocks has-text-align-center stk-block-content stk-content-align stk-6f5f20b-column alignwide\">\n<div class=\"wp-block-stackable-column stk-block-column stk-column stk-block stk-e8ce92e\" data-v=\"4\" data-block-id=\"e8ce92e\"><style>.stk-e8ce92e-container{padding-left:80px !important;}<\/style><div class=\"stk-column-wrapper stk-block-column__content stk-container stk-e8ce92e-container stk--no-background stk--no-padding\"><div class=\"has-text-align-left stk-block-content stk-inner-blocks stk-e8ce92e-inner-blocks\">\n<div class=\"wp-block-stackable-image stk-block-image stk-block stk-a4f657d\" data-block-id=\"a4f657d\"><style>.stk-a4f657d {margin-left:-80px !important;}.stk-a4f657d .stk-img-wrapper{width:150px !important;height:150px !important;}.stk-a4f657d .stk-img-wrapper img, .stk-a4f657d .stk-img-wrapper::after, .stk-a4f657d .stk-img-wrapper::before{mask-image:url('data:image\/svg+xml;base64,PHN2ZyB4bWxucz0iaHR0cDovL3d3dy53My5vcmcvMjAwMC9zdmciIHZpZXdCb3g9IjAgMCAxMDAgMTAwIiBwcmVzZXJ2ZUFzcGVjdFJhdGlvPSJub25lIj48Y2lyY2xlIGN4PSI1MCIgY3k9IjUwIiByPSI1MCI+PC9jaXJjbGU+PC9zdmc+') !important;-webkit-mask-image:url('data:image\/svg+xml;base64,PHN2ZyB4bWxucz0iaHR0cDovL3d3dy53My5vcmcvMjAwMC9zdmciIHZpZXdCb3g9IjAgMCAxMDAgMTAwIiBwcmVzZXJ2ZUFzcGVjdFJhdGlvPSJub25lIj48Y2lyY2xlIGN4PSI1MCIgY3k9IjUwIiByPSI1MCI+PC9jaXJjbGU+PC9zdmc+') !important;}<\/style><figure><span class=\"stk-img-wrapper stk-img--shape stk-image--shape-stretch\"><img loading=\"lazy\" decoding=\"async\" class=\"stk-img wp-image-418\" src=\"http:\/\/www.autometform.pwr.edu.pl\/wp-content\/uploads\/2026\/01\/Till-Clausemeyer-e1767793247822.jpg\" width=\"1600\" height=\"900\" srcset=\"https:\/\/www.autometform.pwr.edu.pl\/wp-content\/uploads\/2026\/01\/Till-Clausemeyer-e1767793247822.jpg 1600w, https:\/\/www.autometform.pwr.edu.pl\/wp-content\/uploads\/2026\/01\/Till-Clausemeyer-e1767793247822-300x169.jpg 300w, https:\/\/www.autometform.pwr.edu.pl\/wp-content\/uploads\/2026\/01\/Till-Clausemeyer-e1767793247822-1024x576.jpg 1024w, https:\/\/www.autometform.pwr.edu.pl\/wp-content\/uploads\/2026\/01\/Till-Clausemeyer-e1767793247822-768x432.jpg 768w, https:\/\/www.autometform.pwr.edu.pl\/wp-content\/uploads\/2026\/01\/Till-Clausemeyer-e1767793247822-1536x864.jpg 1536w\" sizes=\"auto, (max-width: 1600px) 100vw, 1600px\" \/><\/span><\/figure><\/div>\n\n\n\n<div class=\"wp-block-stackable-heading stk-block-heading stk-block-heading--v2 stk-block stk-5849de6\" id=\"professor-dr-ing-till-clausmeyer\" data-block-id=\"5849de6\"><h3 class=\"stk-block-heading__text\">Professor Dr.-Ing. Till Clausmeyer<\/h3><\/div>\n\n\n\n<div class=\"wp-block-stackable-text stk-block-text stk-block stk-c8deefb\" data-block-id=\"c8deefb\"><p class=\"stk-block-text__text\">Professorship Forming Technology<br>Institute for Machine Tools and Production Processes<br>Chemnitz University of Technology<br>Germany<\/p><\/div>\n<\/div><\/div><\/div>\n\n\n\n<div class=\"wp-block-stackable-column stk-block-column stk-column stk-block stk-24a7102\" data-v=\"4\" data-block-id=\"24a7102\"><style>.stk-24a7102-container{padding-left:80px !important;}<\/style><div class=\"stk-column-wrapper stk-block-column__content stk-container stk-24a7102-container stk--no-background stk--no-padding\"><div class=\"has-text-align-left stk-block-content stk-inner-blocks stk-24a7102-inner-blocks\">\n<div class=\"wp-block-stackable-image stk-block-image stk-block stk-bcfa189\" data-block-id=\"bcfa189\"><style>.stk-bcfa189 {margin-left:-80px !important;}.stk-bcfa189 .stk-img-wrapper{width:150px !important;height:150px !important;}.stk-bcfa189 .stk-img-wrapper img, .stk-bcfa189 .stk-img-wrapper::after, .stk-bcfa189 .stk-img-wrapper::before{mask-image:url('data:image\/svg+xml;base64,PHN2ZyB4bWxucz0iaHR0cDovL3d3dy53My5vcmcvMjAwMC9zdmciIHZpZXdCb3g9IjAgMCAxMDAgMTAwIiBwcmVzZXJ2ZUFzcGVjdFJhdGlvPSJub25lIj48Y2lyY2xlIGN4PSI1MCIgY3k9IjUwIiByPSI1MCI+PC9jaXJjbGU+PC9zdmc+') !important;-webkit-mask-image:url('data:image\/svg+xml;base64,PHN2ZyB4bWxucz0iaHR0cDovL3d3dy53My5vcmcvMjAwMC9zdmciIHZpZXdCb3g9IjAgMCAxMDAgMTAwIiBwcmVzZXJ2ZUFzcGVjdFJhdGlvPSJub25lIj48Y2lyY2xlIGN4PSI1MCIgY3k9IjUwIiByPSI1MCI+PC9jaXJjbGU+PC9zdmc+') !important;}<\/style><figure><span class=\"stk-img-wrapper stk-img--shape stk-image--shape-stretch\"><img loading=\"lazy\" decoding=\"async\" class=\"stk-img wp-image-419\" src=\"http:\/\/www.autometform.pwr.edu.pl\/wp-content\/uploads\/2026\/01\/Kaszuba.png\" width=\"1024\" height=\"1024\" srcset=\"https:\/\/www.autometform.pwr.edu.pl\/wp-content\/uploads\/2026\/01\/Kaszuba.png 1024w, https:\/\/www.autometform.pwr.edu.pl\/wp-content\/uploads\/2026\/01\/Kaszuba-300x300.png 300w, https:\/\/www.autometform.pwr.edu.pl\/wp-content\/uploads\/2026\/01\/Kaszuba-150x150.png 150w, https:\/\/www.autometform.pwr.edu.pl\/wp-content\/uploads\/2026\/01\/Kaszuba-768x768.png 768w, https:\/\/www.autometform.pwr.edu.pl\/wp-content\/uploads\/2026\/01\/Kaszuba-78x78.png 78w, https:\/\/www.autometform.pwr.edu.pl\/wp-content\/uploads\/2026\/01\/Kaszuba-230x230.png 230w\" sizes=\"auto, (max-width: 1024px) 100vw, 1024px\" \/><\/span><\/figure><\/div>\n\n\n\n<div class=\"wp-block-stackable-heading stk-block-heading stk-block-heading--v2 stk-block stk-94b5afa\" id=\"ph-d-eng-marcin-kaszuba-associate-prof\" data-block-id=\"94b5afa\"><h3 class=\"stk-block-heading__text\">PhD. Eng. Marcin Kaszuba, Associate Prof.<\/h3><\/div>\n\n\n\n<div class=\"wp-block-stackable-text stk-block-text stk-block stk-8eec0de\" data-block-id=\"8eec0de\"><p class=\"stk-block-text__text\">Faculty of Mechanical Engineering<br>Department of Metal Forming, Welding and Metrology<br>Wroc\u0142aw University of Science and Technology<br>Poland<\/p><\/div>\n<\/div><\/div><\/div>\n<\/div><\/div>\n\n\n\n<div class=\"wp-block-stackable-feature-grid alignfull stk-block-feature-grid stk-block-columns stk-block stk-f03cd99 is-style-float\" data-block-id=\"f03cd99\"><div class=\"stk-row stk-inner-blocks has-text-align-center stk-block-content stk-content-align stk-f03cd99-column alignwide\">\n<div class=\"wp-block-stackable-column stk-block-column stk-column stk-block stk-e71b708\" data-v=\"4\" data-block-id=\"e71b708\"><style>.stk-e71b708-container{padding-left:80px !important;}<\/style><div class=\"stk-column-wrapper stk-block-column__content stk-container stk-e71b708-container stk--no-background stk--no-padding\"><div class=\"has-text-align-left stk-block-content stk-inner-blocks stk-e71b708-inner-blocks\">\n<div class=\"wp-block-stackable-image stk-block-image stk-block stk-48bb878\" data-block-id=\"48bb878\"><style>.stk-48bb878 {margin-left:-80px !important;}.stk-48bb878 .stk-img-wrapper{width:150px !important;height:150px !important;}.stk-48bb878 .stk-img-wrapper img, .stk-48bb878 .stk-img-wrapper::after, .stk-48bb878 .stk-img-wrapper::before{mask-image:url('data:image\/svg+xml;base64,PHN2ZyB4bWxucz0iaHR0cDovL3d3dy53My5vcmcvMjAwMC9zdmciIHZpZXdCb3g9IjAgMCAxMDAgMTAwIiBwcmVzZXJ2ZUFzcGVjdFJhdGlvPSJub25lIj48Y2lyY2xlIGN4PSI1MCIgY3k9IjUwIiByPSI1MCI+PC9jaXJjbGU+PC9zdmc+') !important;-webkit-mask-image:url('data:image\/svg+xml;base64,PHN2ZyB4bWxucz0iaHR0cDovL3d3dy53My5vcmcvMjAwMC9zdmciIHZpZXdCb3g9IjAgMCAxMDAgMTAwIiBwcmVzZXJ2ZUFzcGVjdFJhdGlvPSJub25lIj48Y2lyY2xlIGN4PSI1MCIgY3k9IjUwIiByPSI1MCI+PC9jaXJjbGU+PC9zdmc+') !important;}<\/style><figure><span class=\"stk-img-wrapper stk-img--shape stk-image--shape-stretch\"><img loading=\"lazy\" decoding=\"async\" class=\"stk-img wp-image-431\" src=\"http:\/\/www.autometform.pwr.edu.pl\/wp-content\/uploads\/2026\/01\/Portrait_placeholder.png\" width=\"500\" height=\"750\" srcset=\"https:\/\/www.autometform.pwr.edu.pl\/wp-content\/uploads\/2026\/01\/Portrait_placeholder.png 500w, https:\/\/www.autometform.pwr.edu.pl\/wp-content\/uploads\/2026\/01\/Portrait_placeholder-200x300.png 200w\" sizes=\"auto, (max-width: 500px) 100vw, 500px\" \/><\/span><\/figure><\/div>\n\n\n\n<div class=\"wp-block-stackable-heading stk-block-heading stk-block-heading--v2 stk-block stk-15f1562\" id=\"dr-eng-grzegorz-korpala\" data-block-id=\"15f1562\"><h3 class=\"stk-block-heading__text\">Dr Eng. Grzegorz Korpa\u0142a<\/h3><\/div>\n\n\n\n<div class=\"wp-block-stackable-text stk-block-text stk-block stk-30db5af\" data-block-id=\"30db5af\"><p class=\"stk-block-text__text\">TU Bergakademie Freiberg<br>Germany<\/p><\/div>\n<\/div><\/div><\/div>\n\n\n\n<div class=\"wp-block-stackable-column stk-block-column stk-column stk-block stk-5b5edc1\" data-v=\"4\" data-block-id=\"5b5edc1\"><style>.stk-5b5edc1-container{padding-left:80px !important;}<\/style><div class=\"stk-column-wrapper stk-block-column__content stk-container stk-5b5edc1-container stk--no-background stk--no-padding\"><div class=\"has-text-align-left stk-block-content stk-inner-blocks stk-5b5edc1-inner-blocks\">\n<div class=\"wp-block-stackable-image stk-block-image stk-block stk-e89f9eb\" data-block-id=\"e89f9eb\"><style>.stk-e89f9eb {margin-left:-80px !important;}.stk-e89f9eb .stk-img-wrapper{width:150px !important;height:150px !important;}.stk-e89f9eb .stk-img-wrapper img, .stk-e89f9eb .stk-img-wrapper::after, .stk-e89f9eb .stk-img-wrapper::before{mask-image:url('data:image\/svg+xml;base64,PHN2ZyB4bWxucz0iaHR0cDovL3d3dy53My5vcmcvMjAwMC9zdmciIHZpZXdCb3g9IjAgMCAxMDAgMTAwIiBwcmVzZXJ2ZUFzcGVjdFJhdGlvPSJub25lIj48Y2lyY2xlIGN4PSI1MCIgY3k9IjUwIiByPSI1MCI+PC9jaXJjbGU+PC9zdmc+') !important;-webkit-mask-image:url('data:image\/svg+xml;base64,PHN2ZyB4bWxucz0iaHR0cDovL3d3dy53My5vcmcvMjAwMC9zdmciIHZpZXdCb3g9IjAgMCAxMDAgMTAwIiBwcmVzZXJ2ZUFzcGVjdFJhdGlvPSJub25lIj48Y2lyY2xlIGN4PSI1MCIgY3k9IjUwIiByPSI1MCI+PC9jaXJjbGU+PC9zdmc+') !important;}<\/style><figure><span class=\"stk-img-wrapper stk-img--shape stk-image--shape-stretch\"><img loading=\"lazy\" decoding=\"async\" class=\"stk-img wp-image-421\" src=\"http:\/\/www.autometform.pwr.edu.pl\/wp-content\/uploads\/2026\/01\/pawel-widomski-scaled.png\" width=\"1931\" height=\"2560\" srcset=\"https:\/\/www.autometform.pwr.edu.pl\/wp-content\/uploads\/2026\/01\/pawel-widomski-scaled.png 1931w, https:\/\/www.autometform.pwr.edu.pl\/wp-content\/uploads\/2026\/01\/pawel-widomski-226x300.png 226w, https:\/\/www.autometform.pwr.edu.pl\/wp-content\/uploads\/2026\/01\/pawel-widomski-773x1024.png 773w, https:\/\/www.autometform.pwr.edu.pl\/wp-content\/uploads\/2026\/01\/pawel-widomski-768x1018.png 768w, https:\/\/www.autometform.pwr.edu.pl\/wp-content\/uploads\/2026\/01\/pawel-widomski-1159x1536.png 1159w, https:\/\/www.autometform.pwr.edu.pl\/wp-content\/uploads\/2026\/01\/pawel-widomski-1545x2048.png 1545w\" sizes=\"auto, (max-width: 1931px) 100vw, 1931px\" \/><\/span><\/figure><\/div>\n\n\n\n<div class=\"wp-block-stackable-heading stk-block-heading stk-block-heading--v2 stk-block stk-34c89ea\" id=\"dr-eng-pawel-widomski\" data-block-id=\"34c89ea\"><h3 class=\"stk-block-heading__text\">Dr Eng. Pawe\u0142 Widomski<\/h3><\/div>\n\n\n\n<div class=\"wp-block-stackable-text stk-block-text stk-block stk-8abe03f\" data-block-id=\"8abe03f\"><p class=\"stk-block-text__text\">Faculty of Mechanical Engineering<br>Department of Metal Forming, Welding and Metrology<br>Wroc\u0142aw University of Science and Technology<br>Poland<\/p><\/div>\n<\/div><\/div><\/div>\n<\/div><\/div>\n\n\n\n\n\n\n","protected":false},"excerpt":{"rendered":"<p>Information for participants Should you have any questions regarding your participation, please contact our Conference Office Contact Details Prof. Zbigniew &hellip; <\/p>\n","protected":false},"author":1,"featured_media":0,"parent":0,"menu_order":0,"comment_status":"closed","ping_status":"closed","template":"","meta":{"footnotes":""},"class_list":["post-18","page","type-page","status-publish","hentry"],"featured_image_urls_v2":{"full":"","thumbnail":"","medium":"","medium_large":"","large":"","1536x1536":"","2048x2048":"","business-times-slider":"","business-times-with-sidebar":"","business-times-without-sidebar":"","business-times-about":"","business-times-recent-post":"","business-times-portfolio":"","business-times-three-col":""},"post_excerpt_stackable_v2":"<p>Information for participants Should you have any questions regarding your participation, please contact our Conference Office Contact Details Prof. Zbigniew Gronostajski, DSc, PhD, Eng Faculty of Mechanical EngineeringDepartment of Metal Forming, Welding and MetrologyWroc\u0142aw University of Science and TechnologyPoland Prof. Ulrich Prahl, PhD, Eng The Institute for Metal FormingTechnische Universit\u00e4t Bergakademie FreibergGermany Professor Dr.-Ing. Till Clausmeyer Professorship Forming TechnologyInstitute for Machine Tools and Production ProcessesChemnitz University of TechnologyGermany PhD. Eng. Marcin Kaszuba, Associate Prof. Faculty of Mechanical EngineeringDepartment of Metal Forming, Welding and MetrologyWroc\u0142aw University of Science and TechnologyPoland Dr Eng. Grzegorz Korpa\u0142a TU Bergakademie FreibergGermany Dr Eng. Pawe\u0142 Widomski&hellip;<\/p>\n","category_list_v2":"","author_info_v2":{"name":"kbzowski","url":"https:\/\/www.autometform.pwr.edu.pl\/index.php\/author\/kbzowski\/"},"comments_num_v2":"0 comments","_links":{"self":[{"href":"https:\/\/www.autometform.pwr.edu.pl\/index.php\/wp-json\/wp\/v2\/pages\/18","targetHints":{"allow":["GET"]}}],"collection":[{"href":"https:\/\/www.autometform.pwr.edu.pl\/index.php\/wp-json\/wp\/v2\/pages"}],"about":[{"href":"https:\/\/www.autometform.pwr.edu.pl\/index.php\/wp-json\/wp\/v2\/types\/page"}],"author":[{"embeddable":true,"href":"https:\/\/www.autometform.pwr.edu.pl\/index.php\/wp-json\/wp\/v2\/users\/1"}],"replies":[{"embeddable":true,"href":"https:\/\/www.autometform.pwr.edu.pl\/index.php\/wp-json\/wp\/v2\/comments?post=18"}],"version-history":[{"count":39,"href":"https:\/\/www.autometform.pwr.edu.pl\/index.php\/wp-json\/wp\/v2\/pages\/18\/revisions"}],"predecessor-version":[{"id":968,"href":"https:\/\/www.autometform.pwr.edu.pl\/index.php\/wp-json\/wp\/v2\/pages\/18\/revisions\/968"}],"wp:attachment":[{"href":"https:\/\/www.autometform.pwr.edu.pl\/index.php\/wp-json\/wp\/v2\/media?parent=18"}],"curies":[{"name":"wp","href":"https:\/\/api.w.org\/{rel}","templated":true}]}}